{"id":775,"date":"2017-06-12T07:33:13","date_gmt":"2017-06-12T07:33:13","guid":{"rendered":"http:\/\/alecta.select-themes.com\/?page_id=775"},"modified":"2017-06-12T07:33:13","modified_gmt":"2017-06-12T07:33:13","slug":"work-process","status":"publish","type":"page","link":"https:\/\/novi.kosinus.hr\/?page_id=775","title":{"rendered":"Process"},"content":{"rendered":"<p>[vc_row row_content_width=&#8221;grid&#8221; css=&#8221;.vc_custom_1499351447183{padding-top: 10.2% !important;padding-bottom: 69px !important;}&#8221;][vc_column]<div class=\"qodef-elements-holder    qodef-two-columns  qodef-responsive-mode-768 \"  ><div class=\"qodef-eh-item  qodef-vertical-alignment-top  \"  data-item-class=\"qodef-eh-custom-9212\" data-1280-1600=\"3.3% 7% 0 0\" data-1024-1280=\"3.3% 7% 0 0\" data-768-1024=\"0 5% 0 0\" data-680-768=\"0 0 64px 0\" data-680=\"0 0 52px 0 \">\n\t<div class=\"qodef-eh-item-inner\">\n\t\t<div class=\"qodef-eh-item-content qodef-eh-custom-9212\" style=\"padding: 8.3% 5% 0 0\">\n\t\t\t[vc_column_text]<\/p>\n<h2>Research &amp; Analyze<\/h2>\n<p>[\/vc_column_text]<div class=\"qodef-separator-holder clearfix  qodef-separator-left \">\n\t<div class=\"qodef-separator\" style=\"border-color: #c3ac6d;border-style: solid;width: 111px;border-bottom-width: 3px;margin-top: 23px;margin-bottom: 15px\"><\/div>\n<\/div>\n[vc_column_text]\u00c9l\u00e9ment cl\u00e9 de votre transformation, la strat\u00e9gie digitale n\u00e9cessite une attention toute particuli\u00e8re. C\u2019est cet accompagnement que l\u2019ensemble de l\u2019\u00e9quipe vous propose tout au long du projet. \u00c0 base de workshops, d\u2019\u00e9changes et de brainstormings, nous faisons \u00e9voluer votre id\u00e9e initiale vers une solution digitale ambitieuse.[\/vc_column_text]\t\t<\/div>\n\t<\/div>\n<\/div><div class=\"qodef-eh-item  qodef-vertical-alignment-top qodef-horizontal-alignment-center \"  data-item-class=\"qodef-eh-custom-1356\">\n\t<div class=\"qodef-eh-item-inner\">\n\t\t<div class=\"qodef-eh-item-content qodef-eh-custom-1356\" >\n\t\t\t[vc_single_image image=&#8221;2859&#8243; img_size=&#8221;full&#8221; alignment=&#8221;center&#8221;]\t\t<\/div>\n\t<\/div>\n<\/div><\/div>[\/vc_column][\/vc_row][vc_row row_content_width=&#8221;grid&#8221;][vc_column]<div class=\"qodef-separator-holder clearfix  qodef-separator-center qodef-separator-full-width\">\n\t<div class=\"qodef-separator\" style=\"border-color: #cccccc;border-style: solid;border-bottom-width: 1px;margin-top: 0px;margin-bottom: 0px\"><\/div>\n<\/div>\n[\/vc_column][\/vc_row][vc_row row_content_width=&#8221;grid&#8221; css=&#8221;.vc_custom_1497255068191{padding-top: 72px !important;padding-bottom: 64px !important;}&#8221;][vc_column]<div class=\"qodef-elements-holder    qodef-two-columns  qodef-responsive-mode-768 \"  ><div class=\"qodef-eh-item  qodef-vertical-alignment-top qodef-horizontal-alignment-center \"  data-item-class=\"qodef-eh-custom-9186\">\n\t<div class=\"qodef-eh-item-inner\">\n\t\t<div class=\"qodef-eh-item-content qodef-eh-custom-9186\" >\n\t\t\t[vc_single_image image=&#8221;783&#8243; img_size=&#8221;full&#8221; alignment=&#8221;center&#8221;]\t\t<\/div>\n\t<\/div>\n<\/div><div class=\"qodef-eh-item  qodef-vertical-alignment-top  \"  data-item-class=\"qodef-eh-custom-6638\" data-1280-1600=\"0 0 0 10%\" data-1024-1280=\"0 0 0 10%\" data-768-1024=\"0 0 0 10%\" data-680-768=\"35px 0 0 0\" data-680=\"25px 0 0 0\">\n\t<div class=\"qodef-eh-item-inner\">\n\t\t<div class=\"qodef-eh-item-content qodef-eh-custom-6638\" style=\"padding: 8% 0 0 5%\">\n\t\t\t[vc_column_text]<\/p>\n<h2>Concept &amp; Sketch<\/h2>\n<p>[\/vc_column_text]<div class=\"qodef-separator-holder clearfix  qodef-separator-left \">\n\t<div class=\"qodef-separator\" style=\"border-color: #c3ac6d;border-style: solid;width: 111px;border-bottom-width: 3px;margin-top: 23px;margin-bottom: 15px\"><\/div>\n<\/div>\n[vc_column_text]\u00c9l\u00e9ment cl\u00e9 de votre transformation, la strat\u00e9gie digitale n\u00e9cessite une attention toute particuli\u00e8re. C\u2019est cet accompagnement que l\u2019ensemble de l\u2019\u00e9quipe vous propose tout au long du projet. \u00c0 base de workshops, d\u2019\u00e9changes et de brainstormings, nous faisons \u00e9voluer votre id\u00e9e initiale vers une solution digitale ambitieuse.[\/vc_column_text]\t\t<\/div>\n\t<\/div>\n<\/div><\/div>[\/vc_column][\/vc_row][vc_row row_content_width=&#8221;grid&#8221;][vc_column]<div class=\"qodef-separator-holder clearfix  qodef-separator-center qodef-separator-full-width\">\n\t<div class=\"qodef-separator\" style=\"border-color: #cccccc;border-style: solid;border-bottom-width: 1px;margin-top: 0px;margin-bottom: 0px\"><\/div>\n<\/div>\n[\/vc_column][\/vc_row][vc_row row_content_width=&#8221;grid&#8221; css=&#8221;.vc_custom_1497255825381{padding-top: 69px !important;padding-bottom: 69px !important;}&#8221;][vc_column]<div class=\"qodef-elements-holder    qodef-two-columns  qodef-responsive-mode-768 \"  ><div class=\"qodef-eh-item  qodef-vertical-alignment-top  \"  data-item-class=\"qodef-eh-custom-6351\" data-1280-1600=\"7.3% 7% 0 0 \" data-1024-1280=\"7.3% 7% 0 0 \" data-768-1024=\"0 5% 0 0\" data-680-768=\"0 0 64px 0\" data-680=\"0 0 52px 0 \">\n\t<div class=\"qodef-eh-item-inner\">\n\t\t<div class=\"qodef-eh-item-content qodef-eh-custom-6351\" style=\"padding: 8.3% 5% 0 0\">\n\t\t\t[vc_column_text]<\/p>\n<h2>Design &amp; Brand<\/h2>\n<p>[\/vc_column_text]<div class=\"qodef-separator-holder clearfix  qodef-separator-left \">\n\t<div class=\"qodef-separator\" style=\"border-color: #c3ac6d;border-style: solid;width: 111px;border-bottom-width: 3px;margin-top: 23px;margin-bottom: 15px\"><\/div>\n<\/div>\n[vc_column_text]\u00c9l\u00e9ment cl\u00e9 de votre transformation, la strat\u00e9gie digitale n\u00e9cessite une attention toute particuli\u00e8re. C\u2019est cet accompagnement que l\u2019ensemble de l\u2019\u00e9quipe vous propose tout au long du projet. \u00c0 base de workshops, d\u2019\u00e9changes et de brainstormings, nous faisons \u00e9voluer votre id\u00e9e initiale vers une solution digitale ambitieuse.[\/vc_column_text]\t\t<\/div>\n\t<\/div>\n<\/div><div class=\"qodef-eh-item  qodef-vertical-alignment-top qodef-horizontal-alignment-center \"  data-item-class=\"qodef-eh-custom-8995\">\n\t<div class=\"qodef-eh-item-inner\">\n\t\t<div class=\"qodef-eh-item-content qodef-eh-custom-8995\" >\n\t\t\t[vc_single_image image=&#8221;802&#8243; img_size=&#8221;full&#8221; alignment=&#8221;center&#8221;]\t\t<\/div>\n\t<\/div>\n<\/div><\/div>[\/vc_column][\/vc_row][vc_row row_content_width=&#8221;grid&#8221;][vc_column]<div class=\"qodef-separator-holder clearfix  qodef-separator-center qodef-separator-full-width\">\n\t<div class=\"qodef-separator\" style=\"border-color: #cccccc;border-style: solid;border-bottom-width: 1px;margin-top: 0px;margin-bottom: 0px\"><\/div>\n<\/div>\n[\/vc_column][\/vc_row][vc_row row_content_width=&#8221;grid&#8221; css=&#8221;.vc_custom_1497256657231{padding-top: 71px !important;padding-bottom: 133px !important;}&#8221;][vc_column]<div class=\"qodef-elements-holder    qodef-two-columns  qodef-responsive-mode-768 \"  ><div class=\"qodef-eh-item  qodef-vertical-alignment-top qodef-horizontal-alignment-center \"  data-item-class=\"qodef-eh-custom-9757\">\n\t<div class=\"qodef-eh-item-inner\">\n\t\t<div class=\"qodef-eh-item-content qodef-eh-custom-9757\" >\n\t\t\t[vc_single_image image=&#8221;812&#8243; img_size=&#8221;full&#8221; alignment=&#8221;center&#8221;]\t\t<\/div>\n\t<\/div>\n<\/div><div class=\"qodef-eh-item  qodef-vertical-alignment-top  \"  data-item-class=\"qodef-eh-custom-5704\" data-1280-1600=\"1% 0 0 10%\" data-1024-1280=\"1% 0 0 10%\" data-768-1024=\"0 0 0 10%\" data-680-768=\"35px 0 0 0\" data-680=\"25px 0 0 0\">\n\t<div class=\"qodef-eh-item-inner\">\n\t\t<div class=\"qodef-eh-item-content qodef-eh-custom-5704\" style=\"padding: 8% 0 0 5%\">\n\t\t\t[vc_column_text]<\/p>\n<h2>Market &amp; Advertise<\/h2>\n<p>[\/vc_column_text]<div class=\"qodef-separator-holder clearfix  qodef-separator-left \">\n\t<div class=\"qodef-separator\" style=\"border-color: #c3ac6d;border-style: solid;width: 111px;border-bottom-width: 3px;margin-top: 23px;margin-bottom: 15px\"><\/div>\n<\/div>\n[vc_column_text]\u00c9l\u00e9ment cl\u00e9 de votre transformation, la strat\u00e9gie digitale n\u00e9cessite une attention toute particuli\u00e8re. C\u2019est cet accompagnement que l\u2019ensemble de l\u2019\u00e9quipe vous propose tout au long du projet. \u00c0 base de workshops, d\u2019\u00e9changes et de brainstormings, nous faisons \u00e9voluer votre id\u00e9e initiale vers une solution digitale ambitieuse.[\/vc_column_text]\t\t<\/div>\n\t<\/div>\n<\/div><\/div>[\/vc_column][\/vc_row]<\/p>\n","protected":false},"excerpt":{"rendered":"<p>[vc_row row_content_width=&#8221;grid&#8221; css=&#8221;.vc_custom_1499351447183{padding-top: 10.2% !important;padding-bottom: 69px !important;}&#8221;][vc_column][\/vc_column][\/vc_row][vc_row row_content_width=&#8221;grid&#8221;][vc_column][\/vc_column][\/vc_row][vc_row row_content_width=&#8221;grid&#8221; css=&#8221;.vc_custom_1497255068191{padding-top: 72px !important;padding-bottom: 64px !important;}&#8221;][vc_column][\/vc_column][\/vc_row][vc_row row_content_width=&#8221;grid&#8221;][vc_column][\/vc_column][\/vc_row][vc_row row_content_width=&#8221;grid&#8221; css=&#8221;.vc_custom_1497255825381{padding-top: 69px !important;padding-bottom: 69px !important;}&#8221;][vc_column][\/vc_column][\/vc_row][vc_row row_content_width=&#8221;grid&#8221;][vc_column][\/vc_column][\/vc_row][vc_row row_content_width=&#8221;grid&#8221; css=&#8221;.vc_custom_1497256657231{padding-top: 71px !important;padding-bottom: 133px !important;}&#8221;][vc_column][\/vc_column][\/vc_row]<\/p>\n","protected":false},"author":2,"featured_media":0,"parent":0,"menu_order":0,"comment_status":"closed","ping_status":"closed","template":"full-width.php","meta":{"footnotes":""},"class_list":["post-775","page","type-page","status-publish","hentry"],"_links":{"self":[{"href":"https:\/\/novi.kosinus.hr\/index.php?rest_route=\/wp\/v2\/pages\/775","targetHints":{"allow":["GET"]}}],"collection":[{"href":"https:\/\/novi.kosinus.hr\/index.php?rest_route=\/wp\/v2\/pages"}],"about":[{"href":"https:\/\/novi.kosinus.hr\/index.php?rest_route=\/wp\/v2\/types\/page"}],"author":[{"embeddable":true,"href":"https:\/\/novi.kosinus.hr\/index.php?rest_route=\/wp\/v2\/users\/2"}],"replies":[{"embeddable":true,"href":"https:\/\/novi.kosinus.hr\/index.php?rest_route=%2Fwp%2Fv2%2Fcomments&post=775"}],"version-history":[{"count":0,"href":"https:\/\/novi.kosinus.hr\/index.php?rest_route=\/wp\/v2\/pages\/775\/revisions"}],"wp:attachment":[{"href":"https:\/\/novi.kosinus.hr\/index.php?rest_route=%2Fwp%2Fv2%2Fmedia&parent=775"}],"curies":[{"name":"wp","href":"https:\/\/api.w.org\/{rel}","templated":true}]}}